{"id":367,"date":"2023-08-14T15:38:14","date_gmt":"2023-08-14T15:38:14","guid":{"rendered":"https:\/\/helgadohmen.de\/?page_id=367"},"modified":"2023-09-05T16:13:18","modified_gmt":"2023-09-05T16:13:18","slug":"impressum-datenschutz","status":"publish","type":"page","link":"https:\/\/helgadohmen.de\/?page_id=367","title":{"rendered":"Impressum &#038; Datenschutz"},"content":{"rendered":"\n<p>Helga Dohmen<br>Sootstra\u00dfe 98<br>52525 Heinsberg-Porselen<\/p>\n\n\n\n<p class=\"has-neve-text-color-color has-text-color\">Tel: +49 (0)177 2932411<br>E-Mail:\u00a0Hd@HelgaDohmen.de <\/p>\n\n\n\n<p>Verantwortlich f\u00fcr den Inhalt: Helga Dohmen<\/p>\n\n\n\n<p><strong>Hinweis gem\u00e4\u00df Online-Streitbeilegungs-Verordnung<\/strong><\/p>\n\n\n\n<p>Nach geltendem Recht sind wir verpflichtet, Verbraucher auf die Existenz der Europ\u00e4ischen Online-Streitbeilegungs-Plattform hinzuweisen, die f\u00fcr die Beilegung von Streitigkeiten genutzt werden kann, ohne dass ein Gericht eingeschaltet werden muss. F\u00fcr die Einrichtung der Plattform ist die Europ\u00e4ische Kommission zust\u00e4ndig. Die Europ\u00e4ische Online-Streitbeilegungs-Plattform ist hier zu finden:\u00a0http:\/\/ec.europa.eu\/odr. Unsere E-Mail lautet:\u00a0Hd@HelgaDohmen.de<\/p>\n\n\n\n<p>Wir weisen aber darauf hin, dass wir nicht bereit sind, uns am Streitbeilegungsverfahren im Rahmen der Europ\u00e4ischen Online-Streitbeilegungs-Plattform zu beteiligen. Nutzen Sie zur Kontaktaufnahme bitte unsere obige E-Mail und Telefonnummer.<\/p>\n\n\n\n<p><strong>Hinweis gem\u00e4\u00df Verbraucherstreitbeilegungsgesetz (VSBG)<\/strong><\/p>\n\n\n\n<p>Wir sind nicht bereit und verpflichtet, an Streitbeilegungsverfahren vor einer Verbraucherschlichtungsstelle teilzunehmen.<\/p>\n\n\n\n<p><strong>Datenschutzerkl\u00e4rung<\/strong><\/p>\n\n\n\n<p>Wir freuen uns, dass Sie unsere Website besuchen. Der Schutz und die Sicherheit Ihrer pers\u00f6nlichen Informationen bei der Nutzung unserer Website ist f\u00fcr uns sehr wichtig. Wir m\u00f6chten Sie daher an dieser Stelle dar\u00fcber informieren, welche Ihrer personenbezogenen Daten wir beim Besuch unserer Website erfassen und f\u00fcr welche Zwecke diese verwendet werden. Bei personenbezogenen Daten handelt es sich um Einzelangaben \u00fcber pers\u00f6nliche oder sachliche Verh\u00e4ltnisse einer bestimmten oder bestimmbaren nat\u00fcrlichen Person (Betroffener), z. B. Name, Adresse, E-Mail-Adressen, Nutzerverhalten. Hierbei handelt es sich also um Daten, mit denen wir Sie identifizieren k\u00f6nnen. Dar\u00fcber hinaus finden Sie hier vereinzelt auch Informationen zu Datenverarbeitungsprozessen au\u00dferhalb dieser Website (z.B. Videokonferenzen oder Newsletter).<\/p>\n\n\n\n<p><strong>Verantwortlicher f\u00fcr die Datenverarbeitung<\/strong><\/p>\n\n\n\n<p><strong>Verantwortlicher<\/strong><\/p>\n\n\n\n<p>f\u00fcr die Verarbeitung personenbezogener Daten im Sinne der EU-Datenschutz-Grundverordnung (DSGVO)<\/p>\n\n\n\n<p>Helga Dohmen<br>Sootstra\u00dfe 98<br>52525 Heinsberg-Porselen<\/p>\n\n\n\n<p><br>Aufgrund der betrieblichen Gr\u00f6\u00dfe und Organisation sind wir nicht verpflichtet, einen Datenschutzbeauftragten zu benennen. Verantwortlich f\u00fcr die Einhaltung datenschutzrechtlicher Vorschriften ist die Gesch\u00e4ftsf\u00fchrung.<\/p>\n\n\n\n<p><strong>Allgemeines<\/strong><\/p>\n\n\n\n<p>Diese Datenschutzerkl\u00e4rung erf\u00fcllt die gesetzlichen Anforderungen an die Transparenz bei der Verarbeitung personenbezogener Daten. Dies sind alle Informationen, die sich auf eine identifizierte oder identifizierbare nat\u00fcrliche Person beziehen. Hierzu geh\u00f6ren beispielsweise Informationen wie Ihr Name, Ihr Alter, Ihre Anschrift, Ihre Telefonnummer, Ihr Geburtsdatum, Ihre E-Mail-Adresse, Ihre IP-Adresse oder das Nutzerverhalten beim Besuch einer Website. Informationen, bei denen wir keinen (oder nur mit einem unverh\u00e4ltnism\u00e4\u00dfigen Aufwand) Bezug zu Ihrer Person herstellen k\u00f6nnen, z.B. durch Anonymisierung, sind keine personenbezogenen Daten. Die Verarbeitung von personenbezogenen Daten (bspw. das Erheben, das Abfragen, die Verwendung, die Speicherung oder die \u00dcbermittlung) bedarf immer einer gesetzlichen Grundlage und eines definierten Zwecks.<\/p>\n\n\n\n<p>Gespeicherte personenbezogene Daten werden gel\u00f6scht, sobald der Zweck der Verarbeitung erreicht wurde und es keine rechtm\u00e4\u00dfigen Gr\u00fcnde f\u00fcr eine weitere Aufbewahrung der Daten gibt. Wir informieren Sie in den einzelnen Verarbeitungsvorg\u00e4ngen \u00fcber die konkreten Speicherfristen bzw. Kriterien f\u00fcr die Speicherung. Unabh\u00e4ngig davon, speichern wir Ihre personenbezogenen in Einzelf\u00e4llen zur Geltendmachung, Aus\u00fcbung oder Verteidigung von Rechtsanspr\u00fcchen und bei Vorliegen gesetzlicher Aufbewahrungspflichten.<\/p>\n\n\n\n<p><strong>Informationen nach Art. 13 DS-GVO<\/strong><\/p>\n\n\n\n<p>Diese Informationen richten sich an Kunden, Interessenten, Lieferanten und Mitarbeiter. Ihre personenbezogenen Daten werden von uns zu folgenden Zwecken verarbeitet:<br><br><\/p>\n\n\n\n<ul>\n<li>Zur Erf\u00fcllung unserer vertraglichen Pflichten denen wir Ihnen gegen\u00fcber verpflichtet sind (Art. 6 Abs. 1 lit. b DSGVO).<\/li>\n\n\n\n<li>Zur Durchf\u00fchrung vorvertraglicher Pflichten (Art. 6 Abs. 1 Lit. b DSGVO).<\/li>\n\n\n\n<li>Zur Beantwortung von Anfragen (Art. 6 abs. 1 Lit. b DSGVO).<\/li>\n\n\n\n<li>Sofern Sie uns eine Einwilligung zur Verarbeitung Ihrer personenbezogenen Daten f\u00fcr bestimmte Zwecke erteilt haben (etwa zum Empfang unseres Newsletters), findet die Datenverarbeitung auf Basis Ihrer Einwilligung statt (Art. 6 Abs. 1 Lit. a DSGVO).<\/li>\n\n\n\n<li>Zur Erf\u00fcllung rechtlicher Verpflichtungen, denen unser Unternehmen unterliegt (Art. 6 Abs. 1 lit. c DSGVO).<\/li>\n\n\n\n<li>Soweit erforderlich verarbeiten wir Ihre Daten auch zur Wahrung unserer berechtigten Interessen, insbesondere zur Geltendmachung rechtlicher Anspr\u00fcche und die Verteidigung bei rechtlichen Streitigkeiten oder die Gew\u00e4hrleistung der IT-Sicherheit, zur Konsultation von und dem Datenaustausch mit Auskunfteien zur Ermittlung von Bonit\u00e4ts- und Ausfallrisiken, zur Direktwerbung und Marktforschung soweit Sie der Nutzung Ihrer Daten zu diesem Zweck nicht widersprochen haben, bei Ma\u00dfnahmen zur Gesch\u00e4ftssteuerung und Weiterentwicklung von Dienstleistungen und Produkten, bei Ma\u00dfnahmen zur Produkt- und Vertriebsoptimierung, bei Ma\u00dfnahmen zur Risikosteuerung, zur Verhinderung oder Aufkl\u00e4rung von Straftaten (Art. 6 Abs. 1 Lit. f DSGVO).<\/li>\n<\/ul>\n\n\n\n<p><strong>Kategorien von Empf\u00e4ngern der personenbezogenen Daten<\/strong><br><br>Innerhalb unseres Unternehmens haben nur diejenigen Mitarbeiter Zugriff auf die Daten, die diese unbedingt zur Erf\u00fcllung Ihrer Aufgaben ben\u00f6tigen (need-to-know-Prinzip). Einzelne Prozesse und Serviceleistungen werden durch sorgf\u00e4ltig ausgew\u00e4hlte und datenschutzkonform beauftragte Dienstleister ausgef\u00fchrt, die Ihren Sitz innerhalb des EWR haben. Sofern von uns beauftragte Dienstleister bei der Durchf\u00fchrung Ihrer Leistungen Zugriff auf personenbezogene Daten erhalten, wurden mit diesen Auftragsverarbeitungsvertr\u00e4ge nach Art. 28 Abs. 3 DSGVO geschlossen.<\/p>\n\n\n\n<p><strong>Dauer der Datenspeicherung<\/strong><br><br>Die von uns verarbeiteten Daten werden f\u00fcr die Dauer des Bestehens und der Abwicklung des Vertragsverh\u00e4ltnisses sowie unter Einhaltung von gesetzlichen Aufbewahrungsfristen gespeichert. Dies sind insbesondere handels- und steuerrechtliche Aufbewahrungspflichten nach dem Handelsgesetzbuch (HGB) und die Abgabenordnung (AO). Die regelm\u00e4\u00dfigen Aufbewahrungs- bzw. Dokumentationsfristen belaufen sich hiernach auf bis zu zehn Jahre. Kommt es zu keinem Vertragsverh\u00e4ltnis, verarbeiten wir die Daten nur so lange, wie es der konkrete Zweck erfordert.<\/p>\n\n\n\n<p><strong>Ihre Betroffenenrechte<\/strong><br><br>Als Betroffener haben Sie folgende Rechte hinsichtlich der Sie betreffenden personenbezogenen Daten gegen\u00fcber uns:<br><br><\/p>\n\n\n\n<ul>\n<li>Recht auf Auskunft \u00fcber die zu Ihrer Person bei uns verarbeiteten Daten.<\/li>\n\n\n\n<li>Recht auf Berichtigung oder L\u00f6schung, sofern diese falsch, nicht aktuell oder unrechtm\u00e4\u00dfig von uns erhoben worden sind.<\/li>\n\n\n\n<li>Recht auf Einschr\u00e4nkung der Verarbeitung, sofern eine vollst\u00e4ndige L\u00f6schung nicht m\u00f6glich ist, z.B. weil wir gesetzliche Aufbewahrungspflichten zu wahren haben.<\/li>\n\n\n\n<li>Recht auf Widerspruch gegen die Verarbeitung, sofern sich die Datenverarbeitung auf eine Interessenabw\u00e4gung (das sogenannte berechtigte Interesse) st\u00fctzt, wie oben unter \u201eZweck der Verarbeitung\u201c beschrieben. Dies ist der Fall, wenn die Verarbeitung insbesondere nicht zur Erf\u00fcllung eines Vertrages mit Ihnen erforderlich ist. Bei Geltendmachung Ihres Widerspruchsrechts bitten wir um Darlegung der Gr\u00fcnde, weshalb wir Ihre Daten nicht wie von uns durchgef\u00fchrt verarbeiten sollten.<\/li>\n<\/ul>\n\n\n\n<p>Selbstverst\u00e4ndlich k\u00f6nnen Sie auch der Verarbeitung Ihrer personenbezogenen Daten f\u00fcr Zwecke der Werbung jederzeit widersprechen. Richten Sie Ihren Widerspruch hierzu an unsere im Impressum angegebene Adresse oder schreiben Sie uns eine E-Mail an die im Impressum angegebene Adresse.<\/p>\n\n\n\n<ul>\n<li>Recht auf Widerruf, sofern Sie uns eine Einwilligung zur Verarbeitung Ihrer Daten erteilt haben. Ihren Widerruf k\u00f6nnen Sie jederzeit ohne Angabe von Gr\u00fcnden gegen\u00fcber unserem Unternehmen geltend machen. Wenden Sie sich hierzu bitte an Impressum angegebene Adresse.<\/li>\n\n\n\n<li>Dar\u00fcber hinaus haben Sie das Recht, sich bei einer Datenschutzaufsichtsbeh\u00f6rde \u00fcber die Verarbeitung Ihrer personenbezogenen Daten durch unser Unternehmen zu beschweren.<\/li>\n<\/ul>\n\n\n\n<p>Bei Fragen zum Datenschutz k\u00f6nnen Sie sich gerne per E-Mail an Impressum angegebene Adresse wenden.<\/p>\n\n\n\n<p><strong>Cookies<\/strong><\/p>\n\n\n\n<p>Cookies sind kleine Textdateien, die im Rahmen Ihres Besuchs unserer Internetseiten von uns an den Browser Ihres Endger\u00e4ts gesendet und dort gespeichert werden. Alternativ zum Einsatz von Cookies k\u00f6nnen Informationen auch im lokalen Speicher (local storage) Ihres Browsers gespeichert werden. Einige Funktionen unserer Internetseite k\u00f6nnen ohne den Einsatz von Cookies bzw. local storage nicht angeboten werden (technisch notwendige Cookies). Andere Cookies erm\u00f6glichen uns hingegen verschiedene Analysen, sodass wir beispielsweise in der Lage sind, den von Ihnen verwendeten Browser bei einem erneuten Besuch unserer Webseite wiederzuerkennen und verschiedene Informationen an uns zu \u00fcbermitteln (nicht notwendige Cookies). Mithilfe von Cookies k\u00f6nnen wir unter anderem unser Internetangebot f\u00fcr Sie nutzerfreundlicher und effektiver gestalten, indem wir etwa Ihre Nutzung unserer Website nachvollziehen und Ihre bevorzugten Einstellungen (bspw. L\u00e4nder- und Spracheneinstellungen) feststellen. Sofern Dritte \u00fcber Cookies Informationen verarbeiten, erheben diese die Informationen direkt \u00fcber Ihren Browser. Cookies richten auf Ihrem Endger\u00e4t keinen Schaden an. Sie k\u00f6nnen keine Programme ausf\u00fchren und keine Viren enthalten.<\/p>\n\n\n\n<p>\u00dcber die jeweiligen Dienste, f\u00fcr die wir Cookies einsetzen, informieren wir in den einzelnen Verarbeitungsvorg\u00e4ngen. Ausf\u00fchrliche Informationen zu den eingesetzten Cookies finden Sie in den Cookie-Einstellungen oder im Consent Manager dieser Website.<\/p>\n\n\n\n<p><strong>Ihre Rechte<\/strong><\/p>\n\n\n\n<p>Unter den Voraussetzungen der gesetzlichen Vorschriften der Datenschutz-Grundverordnung (DSGVO) haben Sie als betroffene Person folgende Rechte:<\/p>\n\n\n\n<ul>\n<li><strong>Auskunft<\/strong>&nbsp;gem. Art. 15 DSGVO \u00fcber die zu Ihrer Person gespeicherten Daten in Form von aussagekr\u00e4ftigen Informationen zu den Einzelheiten der Verarbeitung sowie eine Kopie Ihrer Daten;<\/li>\n\n\n\n<li><strong>Berichtigung<\/strong>&nbsp;gem. Art. 16 DSGVO von unrichtigen oder unvollst\u00e4ndigen Daten, die bei uns gespeichert sind;<\/li>\n\n\n\n<li><strong>L\u00f6schung<\/strong>&nbsp;gem. Art. 17 DSGVO der bei uns gespeicherten Daten, soweit die Verarbeitung nicht zur Aus\u00fcbung des Rechts auf freie Meinungs\u00e4u\u00dferung und Information, zur Erf\u00fcllung einer rechtlichen Verpflichtung, aus Gr\u00fcnden des \u00f6ffentlichen Interesses oder zur Geltendmachung, Aus\u00fcbung oder Verteidigung von Rechtsanspr\u00fcchen erforderlich ist;<\/li>\n\n\n\n<li><strong>Einschr\u00e4nkung<\/strong>&nbsp;der Verarbeitung gem. Art. 18 DSGVO, soweit die Richtigkeit der Daten bestritten wird, die Verarbeitung unrechtm\u00e4\u00dfig ist, wir die Daten nicht mehr ben\u00f6tigen und Sie deren L\u00f6schung ablehnen, weil Sie diese zur Geltendmachung, Aus\u00fcbung oder Verteidigung von Rechtsanspr\u00fcchen ben\u00f6tigen oder Sie Widerspruch gegen die Verarbeitung gem. Art. 21 DSGVO erhoben haben.<\/li>\n\n\n\n<li><strong>Daten\u00fcbertragbarkeit<\/strong>&nbsp;gem. Art. 20 DSGVO, soweit Sie uns personenbezogene Daten im Rahmen einer Einwilligung gem. Art. 6 Abs. 1 lit. a DSGVO oder auf Grundlage eines Vertrages gem. Art. 6 Abs. 1 lit. b DSGVO bereitgestellt haben und diese durch uns mithilfe automatisierter Verfahren verarbeitet wurden. Sie erhalten Ihre Daten in einem strukturierten, g\u00e4ngigen und maschinenlesbaren Format bzw. wir \u00fcbermitteln die Daten direkt an einen anderen Verantwortlichen, soweit dies technisch machbar ist.<\/li>\n\n\n\n<li><strong>Widerspruch<\/strong>&nbsp;gem. Art. 21 DSGVO gegen die Verarbeitung Ihrer personenbezogenen Daten, soweit diese auf Grundlage des Art. 6 Abs. 1 lit. e, f DSGVO erfolgt und daf\u00fcr Gr\u00fcnde vorliegen, die sich aus Ihrer besonderen Situation ergeben oder sich der Widerspruch gegen Direktwerbung richtet. Das Recht auf Widerspruch besteht nicht, wenn \u00fcberwiegende, zwingende schutzw\u00fcrdige Gr\u00fcnde f\u00fcr die Verarbeitung nachgewiesen werden oder die Verarbeitung zur Geltendmachung, Aus\u00fcbung oder Verteidigung von Rechtsanspr\u00fcchen erfolgt. Soweit das Recht auf Widerspruch bei einzelnen Verarbeitungsvorg\u00e4ngen nicht besteht, ist dies dort angegeben.<\/li>\n\n\n\n<li><strong>Widerruf<\/strong>&nbsp;gem. Art. 7 Abs. 3 DSGVO Ihrer erteilten Einwilligung mit Wirkung f\u00fcr die Zukunft.<\/li>\n\n\n\n<li><strong>Beschwerde<\/strong>&nbsp;gem. Art. 77 DSGVO bei einer Aufsichtsbeh\u00f6rde, wenn Sie der Ansicht sind, die Verarbeitung Ihrer personenbezogenen Daten verst\u00f6\u00dft gegen die DSGVO. In der Regel k\u00f6nnen Sie sich an die Aufsichtsbeh\u00f6rde Ihres \u00fcblichen Aufenthaltsortes, Ihres Arbeitsplatzes oder unseres Unternehmenssitzes wenden.<\/li>\n<\/ul>\n\n\n\n<p><strong>Datenverarbeitung im Einzelnen<\/strong><\/p>\n\n\n\n<p>Nachfolgend informieren wir Sie \u00fcber die einzelnen Verarbeitungsvorg\u00e4nge, den Umfang und den Zweck der Datenverarbeitung, die Rechtsgrundlage, die Pflicht zur Bereitstellung Ihrer Daten und die jeweilige Speicherdauer. Eine automatisierte Entscheidung im Einzelfall, einschlie\u00dflich Profiling findet nicht statt.<\/p>\n\n\n\n<p><strong>Bereitstellung der Website<\/strong><\/p>\n\n\n\n<p>Bei Aufruf und Nutzung unserer Website erheben wir die personenbezogenen Daten, die Ihr Browser automatisch an unseren Server \u00fcbermittelt. Die folgenden Informationen werden tempor\u00e4r in einem sog. Logfile gespeichert:<\/p>\n\n\n\n<ul>\n<li>IP-Adresse des anfragenden Rechners<\/li>\n\n\n\n<li>Datum und Uhrzeit des Zugriffs<\/li>\n\n\n\n<li>Name und URL der abgerufenen Datei<\/li>\n\n\n\n<li>Website, von der aus der Zugriff erfolgt (Referrer-URL)<\/li>\n\n\n\n<li>Verwendeter Browser und ggf. das Betriebssystem Ihres Rechners, sowie der Name Ihres Access-Providers<\/li>\n<\/ul>\n\n\n\n<p>Unsere Website wird nicht von uns selbst gehostet, sondern bei einem Dienstleister, der f\u00fcr den Zweck der Bereitstellung der Website die zuvor genannten Daten in unserem Auftrag gem. Art. 28 DSGVO verarbeitet.<\/p>\n\n\n\n<p>Der Einsatz des Hosters erfolgt zum Zwecke der Vertragserf\u00fcllung gegen\u00fcber unseren potenziellen und bestehenden Kunden (Art. 6 Abs. 1 lit. b DSGVO) und im Interesse einer sicheren, schnellen und effizienten Bereitstellung unseres Online-Angebots durch einen professionellen Anbieter (Art. 6 Abs. 1 lit. f DSGVO).<\/p>\n\n\n\n<p><strong>Kontaktformular<\/strong><\/p>\n\n\n\n<p><strong>Art und Umfang der Verarbeitung<\/strong><\/p>\n\n\n\n<p>Wenn Sie uns Anfragen zukommen lassen (z.B. per Kontaktformular, E-Mail oder Telefon), speichern wir s\u00e4mtliche Daten, die hieraus hervorgehen (z.B. Name, E-Mail-Adresse, Thema der Anfrage etc.). Diese Daten ben\u00f6tigen wir, um Ihre Anfrage zu bearbeiten und um Anschlussfragen beantworten zu k\u00f6nnen. Diese Daten geben wir nicht ohne Ihre Einwilligung weiter.<br><br><\/p>\n\n\n\n<p><strong>Zweck und Rechtsgrundlage<\/strong><\/p>\n\n\n\n<p>Die Verarbeitung dieser Daten erfolgt auf Grundlage von Art. 6 Abs. 1 lit. b DSGVO, sofern Ihre Anfrage mit der Erf\u00fcllung eines Vertrags zusammenh\u00e4ngt oder zur Durchf\u00fchrung vorvertraglicher Ma\u00dfnahmen erforderlich ist. Andernfalls beruht die Verarbeitung auf unserem berechtigten Interesse an der effektiven Bearbeitung der an uns gerichteten Anfragen (Art. 6 Abs. 1 lit. f DSGVO) oder auf Ihrer Einwilligung (Art. 6 Abs. 1 lit. a DSGVO) wenn Sie diese zuvor abgegeben haben.<br><br><\/p>\n\n\n\n<p><strong>Speicherdauer<\/strong><\/p>\n\n\n\n<p>Die von Ihnen im Kontaktformular eingegebenen Daten verbleiben bei uns, bis Sie uns zur L\u00f6schung auffordern, Ihre Einwilligung zur Speicherung widerrufen oder der Zweck f\u00fcr die Datenspeicherung entf\u00e4llt (z.&nbsp;B. nach abgeschlossener Bearbeitung Ihrer Anfrage). Zwingende gesetzliche Bestimmungen \u2013 insbesondere Aufbewahrungsfristen \u2013 bleiben unber\u00fchrt.<\/p>\n\n\n\n<p><strong>Kontaktformular f\u00fcr Bewerber<\/strong><\/p>\n\n\n\n<p><strong>Art und Umfang der Verarbeitung<\/strong><\/p>\n\n\n\n<p>Sie haben auf unserer Website die M\u00f6glichkeit, sich bei uns zu bewerben (z.&nbsp;B. per E-Mail, postalisch oder via Online-Bewerberformular).<br><br><\/p>\n\n\n\n<p><strong>Zweck und Rechtsgrundlage<\/strong><\/p>\n\n\n\n<p>Wir verarbeiten die personenbezogenen Daten der Bewerber im Einklang mit den gesetzlichen Vorgaben zum Zwecke der Abwicklung des Bewerbungsverfahrens und zur Durchf\u00fchrung vorvertraglicher Ma\u00dfnahmen im Sinne des Art. 6 Abs. 1 lit. b. DSGVO und \u00a7 26 BDSG nach deutschem Recht (Anbahnung eines Besch\u00e4ftigungsverh\u00e4ltnisses) und \u2013 sofern Sie eine Einwilligung erteilt haben \u2013 Art. 6 Abs. 1 lit. a DSGVO. Die Einwilligung ist jederzeit widerrufbar. Ihre personenbezogenen Daten werden innerhalb unseres Unternehmens ausschlie\u00dflich an Personen weitergegeben, die an der Bearbeitung Ihrer Bewerbung beteiligt sind.<\/p>\n\n\n\n<p>Ist die Bewerbung erfolgreich, werden die von Ihnen eingereichten Daten auf Grundlage von \u00a7 26 BDSG und Art. 6 Abs. 1 lit. b DSGVO zum Zwecke der Durchf\u00fchrung des Besch\u00e4ftigungsverh\u00e4ltnisses in unseren Datenverarbeitungssystemen gespeichert.<br><br><\/p>\n\n\n\n<p><strong>Speicherdauer<\/strong><\/p>\n\n\n\n<p>Ihre Daten werden \u00fcber einen Zeitraum von 6 Monaten \u00fcber die Beendigung des Bewerbungsverfahrens hinaus gespeichert. Dies erfolgt in der Regel zur Erf\u00fcllung von rechtlichen Verpflichtungen bzw. der Abwehr von etwaigen Anspr\u00fcchen aus gesetzlichen Vorschriften. Anschlie\u00dfend sind wir verpflichtet, Ihre Daten zu l\u00f6schen bzw. zu anonymisieren. In diesem Falle stehen uns die Daten nur noch als sogenannte Metadaten ohne direkten Personenbezug f\u00fcr statistische Auswertungen zur Verf\u00fcgung (beispielsweise Frauen- bzw. M\u00e4nneranteil an Bewerbungen, Anzahl an Bewerbungen pro Zeitraum etc.).<\/p>\n\n\n\n<p>Sofern ersichtlich ist, dass die Daten nach Ablauf der 6-Monatsfrist erforderlich sein werden (z.&nbsp;B. aufgrund eines drohenden oder anh\u00e4ngigen Rechtsstreits), findet eine L\u00f6schung erst statt, wenn der Zweck f\u00fcr die weitergehende Aufbewahrung entf\u00e4llt.<\/p>\n\n\n\n<p><strong>Aufnahme in den Bewerber-Pool<\/strong><\/p>\n\n\n\n<p>Im Rahmen der Bewerbung bieten wir den Bewerbern die M\u00f6glichkeit an, in unseren \u201eTalent-Pool\u201c f\u00fcr einen Zeitraum von 12 Monaten auf Grundlage einer Einwilligung im Sinne der Art. 6 Abs. 1 lit. a. DS-GVO aufgenommen zu werden.<\/p>\n\n\n\n<p>Die Bewerbungsunterlagen im Talent-Pool werden allein im Rahmen von k\u00fcnftigen Stellenausschreibungen und der Besch\u00e4ftigtensuche verarbeitet und werden sp\u00e4testens nach Ablauf der Frist vernichtet. Die Bewerber werden dar\u00fcber belehrt, dass deren Einwilligung in die Aufnahme in den Talent-Pool freiwillig ist, keinen Einfluss auf das aktuelle Bewerbungsverfahren hat und sie diese Einwilligung jederzeit f\u00fcr die Zukunft widerrufen k\u00f6nnen.<\/p>\n\n\n\n<p>Sofern Sie im Rahmen des Bewerbungsverfahrens ein Angebot f\u00fcr eine Anstellung bei uns erhalten und dieses annehmen, speichern wir die im Rahmen des Bewerbungsverfahrens erhobenen personenbezogenen Daten mindestens f\u00fcr die Dauer des Angestelltenverh\u00e4ltnisses.<\/p>\n\n\n\n<p><strong>Videokonferenzen<\/strong><\/p>\n\n\n\n<p><strong>Datenverarbeitung<\/strong><\/p>\n\n\n\n<p>Wir verwenden Online-Konferenz-Tools, um mit unseren Kunden zu kommunizieren. Die Tools, die wir im Einzelnen verwenden, sind unten aufgef\u00fchrt. Wenn Sie mit uns per Video- oder Audiokonferenz \u00fcber kommunizieren, werden Ihre pers\u00f6nlichen Daten von uns und dem Anbieter des jeweiligen Tools erfasst und verarbeitet.<\/p>\n\n\n\n<p>Die Tools erfassen die von Ihnen bereitgestellten Daten, einschlie\u00dflich Ihrer E-Mail-Adresse und Telefonnummer. Sie verarbeiten auch, die Dauer der Konferenz, wann Sie an der Konferenz teilgenommen haben, Anzahl der Teilnehmer und andere Metadaten.<\/p>\n\n\n\n<p>Zus\u00e4tzlich verarbeitet der Anbieter des Tools alle technischen Daten, die zur Abwicklung der Konferenz erforderlich sind. Dies umfasst insbesondere IP-Adressen, MAC-Adressen, Ger\u00e4te-IDs, Ger\u00e4tetyp, Betriebssystemtyp und -version, Client-Version, Kameratyp, Mikrofon oder Lautsprecher sowie die Art der Verbindung.<\/p>\n\n\n\n<p>Wenn Sie Inhalte in diesem Dienst teilen, werden diese auf den Servern der Anbieter gespeichert. Dazu geh\u00f6ren Cloud-Aufnahmen, Chat-Nachrichten, Sprachnachrichten sowie Fotos und Videos, die Sie w\u00e4hrend der Nutzung dieses Dienstes geteilt haben.<\/p>\n\n\n\n<p>Bitte beachten Sie, dass wir nicht vollumf\u00e4nglich Einfluss auf die Datenverarbeitungsvorg\u00e4nge der verwendeten Tools haben. N\u00e4here Hinweise zur Datenverarbeitung durch die Konferenztools entnehmen Sie den Datenschutzerkl\u00e4rungen der jeweils eingesetzten Tools.<\/p>\n\n\n\n<p><strong>Zweck und Rechtsgrundlagen<\/strong><\/p>\n\n\n\n<p>Die Konferenz-Tools werden genutzt, um mit angehenden oder bestehenden Vertragspartnern zu kommunizieren oder bestimmte Leistungen gegen\u00fcber unseren Kunden anzubieten (Art. 6 Abs. 1 lit. b DSGVO). Des Weiteren dient der Einsatz der Tools der allgemeinen Vereinfachung und Beschleunigung der Kommunikation mit uns bzw. unserem Unternehmen (berechtigtes Interesse im Sinne von Art. 6 Abs. 1 lit. f DSGVO). Wenn Sie zuvor eine Einwilligung zur Datenverarbeitung abgegeben haben, findet die Verarbeitung Ihrer Daten allein auf der Grundlage von Art. 6 Abs. 1 lit. a DS-GVO statt; die Einwilligung ist jederzeit widerrufbar.<\/p>\n\n\n\n<p><strong>Speicherdauer<\/strong><\/p>\n\n\n\n<p>Die unmittelbar von uns \u00fcber die Video- und Konferenz-Tools erfassten Daten werden von unseren Systemen gel\u00f6scht, sobald Sie uns zur L\u00f6schung auffordern, Ihre Einwilligung zur Speicherung widerrufen oder der Zweck f\u00fcr die Datenspeicherung entf\u00e4llt. Gespeicherte Cookies verbleiben auf Ihrem Endger\u00e4t, bis Sie sie l\u00f6schen. Zwingende gesetzliche Aufbewahrungsfristen bleiben unber\u00fchrt.<\/p>\n\n\n\n<p>Wir haben keinen Einfluss auf die Speicherdauer Ihrer Daten, die von den Betreibern der Konferenz-Tools zu eigenen Zwecken gespeichert werden. F\u00fcr Einzelheiten dazu informieren Sie sich bitte direkt bei den Betreibern der Konferenz-Tools.<\/p>\n","protected":false},"excerpt":{"rendered":"<p>Helga DohmenSootstra\u00dfe 9852525 Heinsberg-Porselen Tel: +49 (0)177 2932411E-Mail:\u00a0Hd@HelgaDohmen.de Verantwortlich f\u00fcr den Inhalt: Helga Dohmen Hinweis gem\u00e4\u00df Online-Streitbeilegungs-Verordnung Nach geltendem Recht sind wir verpflichtet, Verbraucher auf die Existenz der Europ\u00e4ischen Online-Streitbeilegungs-Plattform hinzuweisen, die f\u00fcr die Beilegung von Streitigkeiten genutzt werden kann, ohne dass ein Gericht eingeschaltet werden muss. F\u00fcr die Einrichtung der Plattform ist die Europ\u00e4ische&hellip;&nbsp;<a href=\"https:\/\/helgadohmen.de\/?page_id=367\" class=\"\" rel=\"bookmark\">Weiterlesen &raquo;<span class=\"screen-reader-text\">Impressum &#038; Datenschutz<\/span><\/a><\/p>\n","protected":false},"author":1,"featured_media":0,"parent":0,"menu_order":0,"comment_status":"closed","ping_status":"closed","template":"","meta":{"_coblocks_attr":"","_coblocks_dimensions":"","_coblocks_responsive_height":"","_coblocks_accordion_ie_support":"","neve_meta_sidebar":"","neve_meta_container":"","neve_meta_enable_content_width":"","neve_meta_content_width":0,"neve_meta_title_alignment":"","neve_meta_author_avatar":"","neve_post_elements_order":"","neve_meta_disable_header":"","neve_meta_disable_footer":"","neve_meta_disable_title":"","_themeisle_gutenberg_block_has_review":false,"_ti_tpc_template_sync":false,"_ti_tpc_template_id":"","footnotes":""},"_links":{"self":[{"href":"https:\/\/helgadohmen.de\/index.php?rest_route=\/wp\/v2\/pages\/367"}],"collection":[{"href":"https:\/\/helgadohmen.de\/index.php?rest_route=\/wp\/v2\/pages"}],"about":[{"href":"https:\/\/helgadohmen.de\/index.php?rest_route=\/wp\/v2\/types\/page"}],"author":[{"embeddable":true,"href":"https:\/\/helgadohmen.de\/index.php?rest_route=\/wp\/v2\/users\/1"}],"replies":[{"embeddable":true,"href":"https:\/\/helgadohmen.de\/index.php?rest_route=%2Fwp%2Fv2%2Fcomments&post=367"}],"version-history":[{"count":2,"href":"https:\/\/helgadohmen.de\/index.php?rest_route=\/wp\/v2\/pages\/367\/revisions"}],"predecessor-version":[{"id":774,"href":"https:\/\/helgadohmen.de\/index.php?rest_route=\/wp\/v2\/pages\/367\/revisions\/774"}],"wp:attachment":[{"href":"https:\/\/helgadohmen.de\/index.php?rest_route=%2Fwp%2Fv2%2Fmedia&parent=367"}],"curies":[{"name":"wp","href":"https:\/\/api.w.org\/{rel}","templated":true}]}}